{"id":2,"date":"2017-03-22T12:02:31","date_gmt":"2017-03-22T09:02:31","guid":{"rendered":"http:\/\/wp45m.a10-52-158-154.qa.plesk.ru\/wordpress\/?page_id=2"},"modified":"2017-12-08T22:10:15","modified_gmt":"2017-12-08T19:10:15","slug":"sample-page","status":"publish","type":"page","link":"http:\/\/kropotkin.ru\/es\/","title":{"rendered":"Pedro Kropotkin &#8211; su vida, la ciencia y la pol\u00edtica revolucionaria"},"content":{"rendered":"<figure id=\"attachment_4\" aria-describedby=\"caption-attachment-4\" style=\"width: 600px\" class=\"wp-caption aligncenter\"><a href=\"http:\/\/kropotkin.ru\/wp-content\/uploads\/2016\/04\/90491-muzej-p.a.kropotkina.jpg\" class=\"highslide-image\" onclick=\"return hs.expand(this);\"><img loading=\"lazy\" class=\"wp-image-4\" src=\"http:\/\/kropotkin.ru\/wp-content\/uploads\/2016\/04\/90491-muzej-p.a.kropotkina.jpg\" alt=\"\u041c\u0443\u0437\u0435\u0439 \u041f.\u0410. \u041a\u0440\u043e\u043f\u043e\u0442\u043a\u0438\u043d\u0430 (\u043f\u0440\u0438\u0436\u0438\u0437\u043d\u0435\u043d\u043d\u043e\u0435 \u0444\u043e\u0442\u043e \u041c\u0443\u0437\u0435\u044f)\" width=\"600\" height=\"430\" srcset=\"http:\/\/kropotkin.ru\/wp-content\/uploads\/2016\/04\/90491-muzej-p.a.kropotkina.jpg 1071w, http:\/\/kropotkin.ru\/wp-content\/uploads\/2016\/04\/90491-muzej-p.a.kropotkina-300x215.jpg 300w, http:\/\/kropotkin.ru\/wp-content\/uploads\/2016\/04\/90491-muzej-p.a.kropotkina-768x551.jpg 768w, http:\/\/kropotkin.ru\/wp-content\/uploads\/2016\/04\/90491-muzej-p.a.kropotkina-1024x734.jpg 1024w\" sizes=\"(max-width: 600px) 100vw, 600px\" \/><\/a><figcaption id=\"caption-attachment-4\" class=\"wp-caption-text\">El museo de la P. A. Kropotkin(a\u00fan despu\u00e9s de la foto del Museo)<\/figcaption><\/figure>\n<p>En las p\u00e1ginas de este sitio, Usted se familiariza con la vida y la obra de cient\u00edfico ruso, revolucionario, anarquista Pedro Aleks\u00e9yevich Kropotkin.<\/p>\n<p>La estructura del sitio-museo repite exist\u00eda el Museo de la P. A. Kropotkin en mosc\u00fa, en Kropotkin calle de 1923 a 1939 a\u00f1os. Por la base de la descripci\u00f3n de museo tomado gu\u00eda por el Museo escrito N.A. Lebedef y publicado en 1928.<\/p>\n<p>En la actualidad, existe un Museo de la P. A. Kropotkin, ubicado en la ciudad de Dmitrov, regi\u00f3n de mosc\u00fa, en la casa, en la que, desde el verano de 1918 vivi\u00f3 y en el que muri\u00f3 el Petr Alekseevich. Direcci\u00f3n del museo: la regi\u00f3n de mosc\u00fa, la ciudad de dmitrov, calle de Kropotkinskaya, casa de 95.<\/p>\n<p>Se debe recordar que la gu\u00eda de viaje editada en el a\u00f1o de 1928, por lo tanto, una posici\u00f3n temporal lector se encuentra en el comienzo del siglo 20.<\/p>\n<p>Las adiciones modernas en el texto seleccionado<\/p>\n<blockquote><p>otra fuente en algunos p\u00e1rrafos.<\/p><\/blockquote>\n<p>La principal fuente de las fotos son de un libro de pedro aleks\u00e9yevich, la fundaci\u00f3n RGALI y la inmensidad de la web. Algunas de las fotos y documentos que se publican por primera vez. El sitio se actualiza constantemente con nuevas fotograf\u00edas y documentos, algunos de ellos se pueden encontrar en la secci\u00f3n de la <a href=\"http:\/\/kropotkin.ru\/%d0%b7%d0%b0%d0%bc%d0%b5%d1%82%d0%ba%d0%b8-%d0%bf%d1%83%d0%b1%d0%bb%d0%b8%d0%ba%d0%b0%d1%86%d0%b8%d0%b8\/\">PUBLICACI\u00d3N<\/a>.<\/p>\n<p>Ponerse en contacto con el administrador del sitio puede por correo a: admin@kropotkin.ru<\/p>\n<p style=\"text-align: right;\">(Queridos visitantes, si Usted encuentra incorrecta o no traducci\u00f3n exacta, por favor informe al administrador del sitio)<\/p>\n<p style=\"text-align: right;\">Visualizaci\u00f3n agradable!<\/p>\n<p style=\"text-align: right;\">\n","protected":false},"excerpt":{"rendered":"<p>En las p\u00e1ginas de este sitio, Usted se familiariza con la vida y la obra de cient\u00edfico ruso, revolucionario, anarquista Pedro Aleks\u00e9yevich Kropotkin. La estructura del sitio-museo repite exist\u00eda el Museo de la P. A. Kropotkin en mosc\u00fa, en Kropotkin calle de 1923 a 1939 a\u00f1os. Por la base de la descripci\u00f3n de museo tomado&#8230;<\/p>\n","protected":false},"author":1,"featured_media":0,"parent":0,"menu_order":0,"comment_status":"closed","ping_status":"closed","template":"fullwidth.php","meta":[],"translation":{"provider":"WPGlobus","version":"2.6.8","language":"es","enabled_languages":["ru","en","fr","es"],"languages":{"ru":{"title":true,"content":true,"excerpt":false},"en":{"title":true,"content":true,"excerpt":false},"fr":{"title":true,"content":true,"excerpt":false},"es":{"title":true,"content":true,"excerpt":false}}},"_links":{"self":[{"href":"http:\/\/kropotkin.ru\/es\/wp-json\/wp\/v2\/pages\/2"}],"collection":[{"href":"http:\/\/kropotkin.ru\/es\/wp-json\/wp\/v2\/pages"}],"about":[{"href":"http:\/\/kropotkin.ru\/es\/wp-json\/wp\/v2\/types\/page"}],"author":[{"embeddable":true,"href":"http:\/\/kropotkin.ru\/es\/wp-json\/wp\/v2\/users\/1"}],"replies":[{"embeddable":true,"href":"http:\/\/kropotkin.ru\/es\/wp-json\/wp\/v2\/comments?post=2"}],"version-history":[{"count":75,"href":"http:\/\/kropotkin.ru\/es\/wp-json\/wp\/v2\/pages\/2\/revisions"}],"predecessor-version":[{"id":835,"href":"http:\/\/kropotkin.ru\/es\/wp-json\/wp\/v2\/pages\/2\/revisions\/835"}],"wp:attachment":[{"href":"http:\/\/kropotkin.ru\/es\/wp-json\/wp\/v2\/media?parent=2"}],"curies":[{"name":"wp","href":"https:\/\/api.w.org\/{rel}","templated":true}]}}