{"id":2,"date":"2017-03-22T12:02:31","date_gmt":"2017-03-22T09:02:31","guid":{"rendered":"http:\/\/wp45m.a10-52-158-154.qa.plesk.ru\/wordpress\/?page_id=2"},"modified":"2017-12-08T22:10:15","modified_gmt":"2017-12-08T19:10:15","slug":"sample-page","status":"publish","type":"page","link":"http:\/\/kropotkin.ru\/fr\/","title":{"rendered":"Pierre Kropotkine &#8211; de sa vie, de la science et de l&#8217;activit\u00e9 r\u00e9volutionnaire"},"content":{"rendered":"<figure id=\"attachment_4\" aria-describedby=\"caption-attachment-4\" style=\"width: 600px\" class=\"wp-caption aligncenter\"><a href=\"http:\/\/kropotkin.ru\/wp-content\/uploads\/2016\/04\/90491-muzej-p.a.kropotkina.jpg\" class=\"highslide-image\" onclick=\"return hs.expand(this);\"><img loading=\"lazy\" class=\"wp-image-4\" src=\"http:\/\/kropotkin.ru\/wp-content\/uploads\/2016\/04\/90491-muzej-p.a.kropotkina.jpg\" alt=\"Mus\u00e9e de la P. A. Kropotkine (dur\u00e9e de vie Mus\u00e9e de photo)\" width=\"600\" height=\"430\" srcset=\"http:\/\/kropotkin.ru\/wp-content\/uploads\/2016\/04\/90491-muzej-p.a.kropotkina.jpg 1071w, http:\/\/kropotkin.ru\/wp-content\/uploads\/2016\/04\/90491-muzej-p.a.kropotkina-300x215.jpg 300w, http:\/\/kropotkin.ru\/wp-content\/uploads\/2016\/04\/90491-muzej-p.a.kropotkina-768x551.jpg 768w, http:\/\/kropotkin.ru\/wp-content\/uploads\/2016\/04\/90491-muzej-p.a.kropotkina-1024x734.jpg 1024w\" sizes=\"(max-width: 600px) 100vw, 600px\" \/><\/a><figcaption id=\"caption-attachment-4\" class=\"wp-caption-text\">Mus\u00e9e de la P. A. Kropotkine (dur\u00e9e de vie Mus\u00e9e de photo)<\/figcaption><\/figure>\n<p>Sur les pages de ce site, Vous d\u00e9couvrirez la vie et l&#8217;oeuvre du savant russe, r\u00e9volutionnaire, anarchiste Kropotkine Pierre Alekseevitch.<\/p>\n<p>La structure du site-mus\u00e9e r\u00e9p\u00e8te son Mus\u00e9e P. A. Kropotkine \u00e0 Moscou, dans \u041a\u0440\u043e\u043f\u043e\u0442\u043a\u0438\u043d\u0441\u043a\u043e\u043c une rue de 1923 \u00e0 1939. Pour la base de la description du mus\u00e9e pris le guide du Mus\u00e9e, \u00e9crit N. K. Lebedev et publi\u00e9 en 1928.<\/p>\n<p>\u00c0 l&#8217;heure actuelle il ya un <a href=\"http:\/\/www.dmmuseum.ru\/dom-kropotkina.html\" target=\"_blank\" rel=\"noopener noreferrer\">Mus\u00e9e P. A. Kropotkine<\/a>, situ\u00e9 dans la ville de Dmitrov, de la r\u00e9gion de Moscou, dans la maison o\u00f9 ont v\u00e9cu apr\u00e8s son retour en Russie et d\u00e9c\u00e9d\u00e9 Petr Alekseevich. L&#8217;adresse du mus\u00e9e: la r\u00e9gion de Moscou, la ville de Dmitrov, rue Kropotkinsky, maison de 95.<\/p>\n<p>Il faut se rappeler que le guide est publi\u00e9 en 1928, donc temporaire, la position du lecteur se trouve dans le d\u00e9but du 20e si\u00e8cle.<\/p>\n<p>Des ajouts modernes dans le texte mis en \u00e9vidence:<\/p>\n<blockquote><p>une autre police dans certains paragraphes.<\/p><\/blockquote>\n<p>La principale source de photos sont les livres de Pierre Alekseevich, le fonds RGALI et l&#8217;immensit\u00e9 de l&#8217;internet. Quelques photos et documents publi\u00e9s pour la premi\u00e8re fois. Le site est constamment enrichie de nouvelles photos et de documents, la plupart d&#8217;entre eux, vous pouvez trouver dans la section des <a href=\"http:\/\/kropotkin.ru\/%d0%b7%d0%b0%d0%bc%d0%b5%d1%82%d0%ba%d0%b8-%d0%bf%d1%83%d0%b1%d0%bb%d0%b8%d0%ba%d0%b0%d1%86%d0%b8%d0%b8\/\">PUBLICATIONS<\/a>.<\/p>\n<p>Contacter l&#8217;administration du site, vous pouvez par courrier \u00e0: admin@kropotkin.ru<\/p>\n<p style=\"text-align: center;\"><em>(Chers visiteurs, si Vous trouvez incorrect ou n&#8217;est pas une traduction exacte, veuillez contacter l&#8217;administrateur du site)<\/em><\/p>\n<p style=\"text-align: right;\">Bon visionnage!<\/p>\n","protected":false},"excerpt":{"rendered":"<p>Sur les pages de ce site, Vous d\u00e9couvrirez la vie et l&#8217;oeuvre du savant russe, r\u00e9volutionnaire, anarchiste Kropotkine Pierre Alekseevitch. La structure du site-mus\u00e9e r\u00e9p\u00e8te son Mus\u00e9e P. A. Kropotkine \u00e0 Moscou, dans \u041a\u0440\u043e\u043f\u043e\u0442\u043a\u0438\u043d\u0441\u043a\u043e\u043c une rue de 1923 \u00e0 1939. Pour la base de la description du mus\u00e9e pris le guide du Mus\u00e9e, \u00e9crit N&#8230;.<\/p>\n","protected":false},"author":1,"featured_media":0,"parent":0,"menu_order":0,"comment_status":"closed","ping_status":"closed","template":"fullwidth.php","meta":[],"translation":{"provider":"WPGlobus","version":"2.6.8","language":"fr","enabled_languages":["ru","en","fr","es"],"languages":{"ru":{"title":true,"content":true,"excerpt":false},"en":{"title":true,"content":true,"excerpt":false},"fr":{"title":true,"content":true,"excerpt":false},"es":{"title":true,"content":true,"excerpt":false}}},"_links":{"self":[{"href":"http:\/\/kropotkin.ru\/fr\/wp-json\/wp\/v2\/pages\/2"}],"collection":[{"href":"http:\/\/kropotkin.ru\/fr\/wp-json\/wp\/v2\/pages"}],"about":[{"href":"http:\/\/kropotkin.ru\/fr\/wp-json\/wp\/v2\/types\/page"}],"author":[{"embeddable":true,"href":"http:\/\/kropotkin.ru\/fr\/wp-json\/wp\/v2\/users\/1"}],"replies":[{"embeddable":true,"href":"http:\/\/kropotkin.ru\/fr\/wp-json\/wp\/v2\/comments?post=2"}],"version-history":[{"count":75,"href":"http:\/\/kropotkin.ru\/fr\/wp-json\/wp\/v2\/pages\/2\/revisions"}],"predecessor-version":[{"id":835,"href":"http:\/\/kropotkin.ru\/fr\/wp-json\/wp\/v2\/pages\/2\/revisions\/835"}],"wp:attachment":[{"href":"http:\/\/kropotkin.ru\/fr\/wp-json\/wp\/v2\/media?parent=2"}],"curies":[{"name":"wp","href":"https:\/\/api.w.org\/{rel}","templated":true}]}}